{"id":16,"date":"2018-10-24T19:18:42","date_gmt":"2018-10-24T19:18:42","guid":{"rendered":"http:\/\/www.pasquaphilippe.com\/?page_id=16"},"modified":"2025-01-15T17:17:32","modified_gmt":"2025-01-15T17:17:32","slug":"l-artiste","status":"publish","type":"page","link":"https:\/\/www.pasquaphilippe.com\/en\/l-artiste\/","title":{"rendered":"THE ARTIST"},"content":{"rendered":"<div class=\"wpb-content-wrapper\"><p><\/p>\n<p>[vc_row][vc_column width=&#8221;1\/3&#8243; css=&#8221;.vc_custom_1542136939757{margin-top: -25px !important;}&#8221;][vc_empty_space height=&#8221;20px&#8221;][rev_slider_vc alias=&#8221;artiste&#8221;][\/vc_column][vc_column width=&#8221;2\/3&#8243;][vc_row_inner][vc_column_inner width=&#8221;1\/2&#8243;][vc_single_image image=&#8221;11&#8243; img_size=&#8221;full&#8221;][\/vc_column_inner][vc_column_inner width=&#8221;1\/2&#8243;][\/vc_column_inner][\/vc_row_inner][vc_column_text]<\/p>\n<p style=\"text-align: justify;\">Philippe Pasqua, born in Grasse in 1965, is an autodidact artist-painter and sculptor. Inspired by Francis Bacon and Lucian Freud, he progressively made his way to become one of the major artists of his generation. His Art works impress, shake up and fascinate. His first exhibition takes place in 1990 at the Espace Confluence in Paris. He organizes numerous solo exhibitions, takes part in various events around the world (Singapore, Hong Kong, Moscow, London, Taiwan&#8230;) and in 2010, he decides to permanently exhibit his work in The Storage, a gallery situated in Saint-Ouen l\u2019Aum\u00f4ne combining an exhibition area, storage rooms, a sculpture garden and a place for art collectors, contemporary art lovers and professional to immerse in Pasqua\u2019s art world.<\/p>\n<p>[\/vc_column_text][\/vc_column][\/vc_row][vc_row][vc_column][vc_empty_space][vc_column_text css=&#8221;.vc_custom_1542645145964{margin-top: -40px !important;}&#8221;]<\/p>\n<div><span style=\"color: #000000;\">\u00ab\u00a0C\u2019est bien dans le corps, dans la chair, que finalement s\u2019\u00e9crit l\u2019histoire des hommes, et peut-\u00eatre m\u00eame l\u2019histoire de l\u2019art\u00a0\u00bb, explique Jean Rustin, \u00e0 propos de sa peinture. Ainsi, il nous livre une piste peut \u00eatre utile pour appr\u00e9hender le travail de Philippe Pasqua.<\/span><\/div>\n<p>[\/vc_column_text][vc_empty_space][vc_column_text css=&#8221;.vc_custom_1571407828861{margin-top: -40px !important;}&#8221;]<\/p>\n<h2 style=\"text-align: justify;\"><span style=\"color: #000000;\"><span style=\"font-size: 28px; font-family: helvetica, arial, sans-serif; font-weight: 400;\">His Paintings<\/span><\/span><\/h2>\n<p style=\"text-align: justify;\"><span style=\"color: #000000;\">The voodoos and fetishes marked the beginning of Pasqua\u2019s career. These have now made a way for portraits, nudes and vanities. He gains an interest in the art of portraits (faces, nude bodies) without diverting from the reality due to the expressive strength of colors. He goes beyond the physical representation, he seeks for emotions in the individual through tough subjects: prostitutes, transgenders, down syndrome, blindness\u2026 with no intention to shock. Thus, he paints these themes on big formats (2 to 5 meters). Each canvas is the fruit of a fight, a tension between what is showable, tolerated and what is socially suppressed and hidden. With the choice of these themes, the colors and the accumulated layers of paint, powerful and intense emotions emerge from his work which leaves no one indifferent. <\/span><\/p>\n<p>[\/vc_column_text][vc_btn title=&#8221;More&#8221; align=&#8221;right&#8221; css=&#8221;&#8221; link=&#8221;url:https%3A%2F%2Fwww.pasquaphilippe.com%2Fles-oeuvres%2Fpeintures%2F|title:SCULPTURES&#8221;][vc_empty_space height=&#8221;64px&#8221;][vc_column_text css=&#8221;.vc_custom_1571407851721{margin-top: -40px !important;}&#8221;]<\/p>\n<h2 style=\"text-align: justify;\"><span style=\"font-size: 27px; color: #000000; font-weight: 400;\">His Drawings <\/span><\/h2>\n<p style=\"text-align: justify;\"><span style=\"color: #000000;\">To the complete opposite of layers and various range of colors seen on his canvases, a lot more delicacy is felt in the traits of his drawings, which in no way diminishes the strength of each work. Thus, a flirt between finesse and brutality is created in his numerous works. <\/span><\/p>\n<p>[\/vc_column_text][vc_btn title=&#8221;More&#8221; align=&#8221;right&#8221; css=&#8221;&#8221; link=&#8221;url:https%3A%2F%2Fwww.pasquaphilippe.com%2Fles-oeuvres%2Fdessins-2%2F|title:SCULPTURES&#8221;][vc_empty_space height=&#8221;64px&#8221;][vc_column_text css=&#8221;.vc_custom_1571407889910{margin-top: -40px !important;}&#8221;]<\/p>\n<h2 style=\"text-align: justify;\"><span style=\"font-size: 27px; color: #000000; font-weight: 400;\">His Sculptures <\/span><\/h2>\n<p style=\"text-align: justify;\"><span style=\"color: #000000;\">Throughout his career, Philippe Pasqua adventures himself in sculptures. We are in 1997 when Philippe decides to look into the reality of bones. \u201cI wanted to see what lies beneath our skin, beneath our flesh\u201d, that is Philippe\u2019s relationship to his sculptures. Thus, he explores the theme of vanity adorned with butterflies. This sculpture enhances the contrast between the harshness represented by the vanity skull and the gentleness by the butterflies. It further symbolizes the soul that escapes and rises, as well as the fragility of life.<br \/>\nIn 2012 he launched himself in the realization of the monumental, a chrome-aluminum 7-meter-long, 4-meter-tall Tyrannosaurus Rex comprised of 350 bones casted on a real prehistoric skeleton and assembled one after the other.<br \/>\nInspired by the conservation of our oceans, Pasqua delivers an outside the norm exhibition in the Mus\u00e9e Oc\u00e9anographique de Monaco, where monumental sculptures converse with the museum\u2019s permanent collection. \u201cBorderline\u201d, the exhibition, regrouped twelve art pieces, including some created exclusively for the exhibition (\u201cSanata muerte\u201d, \u201cWho should be scared\u201d, \u201cSoleils Noirs\u201d \u2026). <\/span><\/p>\n<p style=\"text-align: justify;\"><span style=\"color: #000000;\">Thereby, Philippe Pasqua is an unquestionable, professional artist, continuously in movement, in constant reflection and in the quest of original ideas for the realization of new works of art. Always bigger, always stronger, always more beautiful. He surprises, intrigues and fascinates. These are what make up his strengths and talent.<\/span><\/p>\n<p>[\/vc_column_text][vc_btn title=&#8221;More&#8221; align=&#8221;right&#8221; css=&#8221;&#8221; link=&#8221;url:https%3A%2F%2Fwww.pasquaphilippe.com%2Fles-oeuvres%2Fsculptures-2%2F|title:SCULPTURES&#8221;][\/vc_column][\/vc_row][vc_row][vc_column][vc_empty_space][vc_column_text css=&#8221;.vc_custom_1736960783390{margin-top: -40px !important;}&#8221;]<\/p>\n<h2 style=\"text-align: justify;\"><span style=\"color: #000000;\"><span style=\"font-size: 28px; font-family: helvetica, arial, sans-serif; font-weight: 400;\">3D Virtual Tour of the &#8220;Borderline&#8221; exhibition at the Oceanographic Center of Monaco<\/span><\/span><\/h2>\n<p style=\"text-align: justify;\"><span style=\"color: #000000;\">Borderline is an extraordinary exhibition, free of all constraints. The works presented are monumental and weigh several tons. They occupy the entire Oceanographic Museum, from the terrace to the cliff below.<\/span><\/p>\n<p>[\/vc_column_text][vc_empty_space][vc_column_text css=&#8221;.vc_custom_1706723810652{margin-top: -40px !important;}&#8221;]<\/p>\n<p style=\"text-align: center;\"><iframe loading=\"lazy\" src=\"https:\/\/my.matterport.com\/show\/?m=qoHpBLfmdrU\" width=\"100%\" height=\"480\" frameborder=\"0\" allowfullscreen=\"allowfullscreen\"><\/iframe><\/p>\n<p>[\/vc_column_text][\/vc_column][\/vc_row]<\/p>\n<p><\/p>\n<\/div>","protected":false},"excerpt":{"rendered":"<p>[vc_row][vc_column width=&#8221;1\/3&#8243; css=&#8221;.vc_custom_1542136939757{margin-top: -25px !important;}&#8221;][vc_empty_space height=&#8221;20px&#8221;][rev_slider_vc alias=&#8221;artiste&#8221;][\/vc_column][vc_column width=&#8221;2\/3&#8243;][vc_row_inner][vc_column_inner width=&#8221;1\/2&#8243;][vc_single_image image=&#8221;11&#8243; img_size=&#8221;full&#8221;][\/vc_column_inner][vc_column_inner width=&#8221;1\/2&#8243;][\/vc_column_inner][\/vc_row_inner][vc_column_text] Philippe Pasqua, born in Grasse in 1965, is an autodidact artist-painter and sculptor. Inspired by Francis Bacon and Lucian Freud, he progressively made his way to become one of the major artists of his generation. His Art works impress, shake up and fascinate.&hellip;<\/p>\n","protected":false},"author":1,"featured_media":0,"parent":0,"menu_order":0,"comment_status":"closed","ping_status":"closed","template":"","meta":{"_exactmetrics_skip_tracking":false,"_exactmetrics_sitenote_active":false,"_exactmetrics_sitenote_note":"","_exactmetrics_sitenote_category":0,"footnotes":""},"class_list":["post-16","page","type-page","status-publish","hentry","description-off"],"yoast_head":"<!-- This site is optimized with the Yoast SEO plugin v25.6 - https:\/\/yoast.com\/wordpress\/plugins\/seo\/ -->\n<title>PHILIPPE PASQUA - L&#039;ARTISTE-PEINTRE AUTODIDACTE<\/title>\n<meta name=\"description\" content=\"PHILIPPE PASQUA est un artiste-peintre autodidacte qui \u00e9chappe aux institutions et aux circuits classiques. Son art impressionne, bouscule et fascine\" \/>\n<meta name=\"robots\" content=\"index, follow, max-snippet:-1, max-image-preview:large, max-video-preview:-1\" \/>\n<link rel=\"canonical\" href=\"https:\/\/www.pasquaphilippe.com\/en\/l-artiste\/\" \/>\n<meta property=\"og:locale\" content=\"en_US\" \/>\n<meta property=\"og:type\" content=\"article\" \/>\n<meta property=\"og:title\" content=\"PHILIPPE PASQUA - L&#039;ARTISTE-PEINTRE AUTODIDACTE\" \/>\n<meta property=\"og:description\" content=\"PHILIPPE PASQUA est un artiste-peintre autodidacte qui \u00e9chappe aux institutions et aux circuits classiques. Son art impressionne, bouscule et fascine\" \/>\n<meta property=\"og:url\" content=\"https:\/\/www.pasquaphilippe.com\/en\/l-artiste\/\" \/>\n<meta property=\"og:site_name\" content=\"pasqua\" \/>\n<meta property=\"article:modified_time\" content=\"2025-01-15T17:17:32+00:00\" \/>\n<meta name=\"twitter:card\" content=\"summary_large_image\" \/>\n<meta name=\"twitter:label1\" content=\"Est. reading time\" \/>\n\t<meta name=\"twitter:data1\" content=\"4 minutes\" \/>\n<script type=\"application\/ld+json\" class=\"yoast-schema-graph\">{\"@context\":\"https:\/\/schema.org\",\"@graph\":[{\"@type\":\"WebPage\",\"@id\":\"https:\/\/www.pasquaphilippe.com\/en\/l-artiste\/\",\"url\":\"https:\/\/www.pasquaphilippe.com\/en\/l-artiste\/\",\"name\":\"PHILIPPE PASQUA - L'ARTISTE-PEINTRE AUTODIDACTE\",\"isPartOf\":{\"@id\":\"https:\/\/www.pasquaphilippe.com\/en\/#website\"},\"datePublished\":\"2018-10-24T19:18:42+00:00\",\"dateModified\":\"2025-01-15T17:17:32+00:00\",\"description\":\"PHILIPPE PASQUA est un artiste-peintre autodidacte qui \u00e9chappe aux institutions et aux circuits classiques. Son art impressionne, bouscule et fascine\",\"breadcrumb\":{\"@id\":\"https:\/\/www.pasquaphilippe.com\/en\/l-artiste\/#breadcrumb\"},\"inLanguage\":\"en-US\",\"potentialAction\":[{\"@type\":\"ReadAction\",\"target\":[[\"https:\/\/www.pasquaphilippe.com\/en\/l-artiste\/\"]]}]},{\"@type\":\"BreadcrumbList\",\"@id\":\"https:\/\/www.pasquaphilippe.com\/en\/l-artiste\/#breadcrumb\",\"itemListElement\":[{\"@type\":\"ListItem\",\"position\":1,\"name\":\"Home\",\"item\":\"https:\/\/www.pasquaphilippe.com\/en\/\"},{\"@type\":\"ListItem\",\"position\":2,\"name\":\"L&rsquo;ARTISTE\"}]},{\"@type\":\"WebSite\",\"@id\":\"https:\/\/www.pasquaphilippe.com\/en\/#website\",\"url\":\"https:\/\/www.pasquaphilippe.com\/en\/\",\"name\":\"pasqua\",\"description\":\"\",\"potentialAction\":[{\"@type\":\"SearchAction\",\"target\":{\"@type\":\"EntryPoint\",\"urlTemplate\":\"https:\/\/www.pasquaphilippe.com\/en\/?s={search_term_string}\"},\"query-input\":{\"@type\":\"PropertyValueSpecification\",\"valueRequired\":true,\"valueName\":\"search_term_string\"}}],\"inLanguage\":\"en-US\"}]}<\/script>\n<!-- \/ Yoast SEO plugin. -->","yoast_head_json":{"title":"PHILIPPE PASQUA - L'ARTISTE-PEINTRE AUTODIDACTE","description":"PHILIPPE PASQUA est un artiste-peintre autodidacte qui \u00e9chappe aux institutions et aux circuits classiques. Son art impressionne, bouscule et fascine","robots":{"index":"index","follow":"follow","max-snippet":"max-snippet:-1","max-image-preview":"max-image-preview:large","max-video-preview":"max-video-preview:-1"},"canonical":"https:\/\/www.pasquaphilippe.com\/en\/l-artiste\/","og_locale":"en_US","og_type":"article","og_title":"PHILIPPE PASQUA - L'ARTISTE-PEINTRE AUTODIDACTE","og_description":"PHILIPPE PASQUA est un artiste-peintre autodidacte qui \u00e9chappe aux institutions et aux circuits classiques. Son art impressionne, bouscule et fascine","og_url":"https:\/\/www.pasquaphilippe.com\/en\/l-artiste\/","og_site_name":"pasqua","article_modified_time":"2025-01-15T17:17:32+00:00","twitter_card":"summary_large_image","twitter_misc":{"Est. reading time":"4 minutes"},"schema":{"@context":"https:\/\/schema.org","@graph":[{"@type":"WebPage","@id":"https:\/\/www.pasquaphilippe.com\/en\/l-artiste\/","url":"https:\/\/www.pasquaphilippe.com\/en\/l-artiste\/","name":"PHILIPPE PASQUA - L'ARTISTE-PEINTRE AUTODIDACTE","isPartOf":{"@id":"https:\/\/www.pasquaphilippe.com\/en\/#website"},"datePublished":"2018-10-24T19:18:42+00:00","dateModified":"2025-01-15T17:17:32+00:00","description":"PHILIPPE PASQUA est un artiste-peintre autodidacte qui \u00e9chappe aux institutions et aux circuits classiques. Son art impressionne, bouscule et fascine","breadcrumb":{"@id":"https:\/\/www.pasquaphilippe.com\/en\/l-artiste\/#breadcrumb"},"inLanguage":"en-US","potentialAction":[{"@type":"ReadAction","target":[["https:\/\/www.pasquaphilippe.com\/en\/l-artiste\/"]]}]},{"@type":"BreadcrumbList","@id":"https:\/\/www.pasquaphilippe.com\/en\/l-artiste\/#breadcrumb","itemListElement":[{"@type":"ListItem","position":1,"name":"Home","item":"https:\/\/www.pasquaphilippe.com\/en\/"},{"@type":"ListItem","position":2,"name":"L&rsquo;ARTISTE"}]},{"@type":"WebSite","@id":"https:\/\/www.pasquaphilippe.com\/en\/#website","url":"https:\/\/www.pasquaphilippe.com\/en\/","name":"pasqua","description":"","potentialAction":[{"@type":"SearchAction","target":{"@type":"EntryPoint","urlTemplate":"https:\/\/www.pasquaphilippe.com\/en\/?s={search_term_string}"},"query-input":{"@type":"PropertyValueSpecification","valueRequired":true,"valueName":"search_term_string"}}],"inLanguage":"en-US"}]}},"_links":{"self":[{"href":"https:\/\/www.pasquaphilippe.com\/en\/wp-json\/wp\/v2\/pages\/16"}],"collection":[{"href":"https:\/\/www.pasquaphilippe.com\/en\/wp-json\/wp\/v2\/pages"}],"about":[{"href":"https:\/\/www.pasquaphilippe.com\/en\/wp-json\/wp\/v2\/types\/page"}],"author":[{"embeddable":true,"href":"https:\/\/www.pasquaphilippe.com\/en\/wp-json\/wp\/v2\/users\/1"}],"replies":[{"embeddable":true,"href":"https:\/\/www.pasquaphilippe.com\/en\/wp-json\/wp\/v2\/comments?post=16"}],"version-history":[{"count":13,"href":"https:\/\/www.pasquaphilippe.com\/en\/wp-json\/wp\/v2\/pages\/16\/revisions"}],"predecessor-version":[{"id":1489,"href":"https:\/\/www.pasquaphilippe.com\/en\/wp-json\/wp\/v2\/pages\/16\/revisions\/1489"}],"wp:attachment":[{"href":"https:\/\/www.pasquaphilippe.com\/en\/wp-json\/wp\/v2\/media?parent=16"}],"curies":[{"name":"wp","href":"https:\/\/api.w.org\/{rel}","templated":true}]}}