{"id":238,"date":"2018-11-08T03:49:15","date_gmt":"2018-11-08T03:49:15","guid":{"rendered":"http:\/\/www.pasquaphilippe.com\/?page_id=238"},"modified":"2024-12-04T02:01:11","modified_gmt":"2024-12-04T02:01:11","slug":"expositions-recentes","status":"publish","type":"page","link":"https:\/\/www.pasquaphilippe.com\/en\/expositions\/expositions-recentes\/","title":{"rendered":"EXPOSITIONS RECENTES"},"content":{"rendered":"<div class=\"wpb-content-wrapper\"><p><\/p>\n<p>[vc_row css=&#8221;.vc_custom_1540412340912{margin-bottom: -70px !important;}&#8221;][vc_column][vc_row_inner][vc_column_inner width=&#8221;1\/3&#8243;][vc_single_image image=&#8221;910&#8243; img_size=&#8221;298&#215;432&#8243; alignment=&#8221;center&#8221; onclick=&#8221;custom_link&#8221; link=&#8221;https:\/\/www.pasquaphilippe.com\/expositions\/expositions-recentes\/el-lado-oscuro-2\/&#8221;][vc_custom_heading text=&#8221;EL LADO OSCURO&#8221; font_container=&#8221;tag:h2|text_align:center&#8221; use_theme_fonts=&#8221;yes&#8221; link=&#8221;url:https%3A%2F%2Fwww.pasquaphilippe.com%2Fexpositions%2Fexpositions-recentes%2Fel-lado-oscuro-2%2F|title:%5B%3Afr%5DEL%20LADO%20OSCURO%5B%3Aen%5DEL%20LADO%20OSCURO%5B%3A%5D||&#8221;][vc_empty_space height=&#8221;12&#8243;][vc_column_text css=&#8221;.vc_custom_1733277521145{margin-bottom: 27px !important;}&#8221;]<\/p>\n<p class=\"vc_custom_heading\" style=\"text-align: center;\"><span style=\"text-decoration: underline; font-size: 12pt;\"><a href=\"https:\/\/www.pasquaphilippe.com\/expositions\/expositions-recentes\/el-lado-oscuro-2\/\">11th of September \u2013 29th of November 2020<\/a><\/span><\/p>\n<p>[\/vc_column_text][vc_custom_heading text=&#8221;CAC de Malaga &#8211; Espagne&#8221; font_container=&#8221;tag:h3|text_align:center&#8221; use_theme_fonts=&#8221;yes&#8221; link=&#8221;url:https%3A%2F%2Fwww.pasquaphilippe.com%2Fexpositions%2Fexpositions-recentes%2Fel-lado-oscuro-2%2F|title:%5B%3Afr%5DEL%20LADO%20OSCURO%5B%3Aen%5DEL%20LADO%20OSCURO%5B%3A%5D||&#8221;][\/vc_column_inner][vc_column_inner width=&#8221;1\/3&#8243;][vc_single_image image=&#8221;835&#8243; img_size=&#8221;298&#215;432&#8243; alignment=&#8221;center&#8221; onclick=&#8221;custom_link&#8221; link=&#8221;https:\/\/www.pasquaphilippe.com\/expositions\/expositions-recentes\/togethher\/&#8221;][vc_custom_heading text=&#8221;TOGETH\u2019HER&#8221; font_container=&#8221;tag:h2|text_align:center&#8221; use_theme_fonts=&#8221;yes&#8221; link=&#8221;url:https%3A%2F%2Fwww.pasquaphilippe.com%2Fexpositions%2Fexpositions-recentes%2Ftogethher%2F|||&#8221;][vc_empty_space height=&#8221;12&#8243;][vc_column_text css=&#8221;.vc_custom_1733277550255{margin-bottom: 27px !important;}&#8221;]<\/p>\n<p class=\"vc_custom_heading\" style=\"text-align: center;\"><span style=\"text-decoration: underline; font-size: 12pt;\"><a href=\"https:\/\/www.pasquaphilippe.com\/expositions\/expositions-recentes\/togethher\/\">19th of February \u2013 27th of February 2019<\/a><\/span><\/p>\n<p>[\/vc_column_text][vc_custom_heading text=&#8221;Monnaie de Paris&#8221; font_container=&#8221;tag:h3|text_align:center&#8221; use_theme_fonts=&#8221;yes&#8221; link=&#8221;url:https%3A%2F%2Fwww.pasquaphilippe.com%2Fexpositions%2Fexpositions-recentes%2Ftogethher%2F|||&#8221;][\/vc_column_inner][vc_column_inner width=&#8221;1\/3&#8243;][vc_single_image image=&#8221;622&#8243; img_size=&#8221;350&#215;430&#8243; alignment=&#8221;center&#8221; onclick=&#8221;custom_link&#8221; link=&#8221;http:\/\/www.pasquaphilippe.com\/expositions\/expositions-recentes\/versus\/&#8221;][vc_custom_heading text=&#8221;VERSUS&#8221; font_container=&#8221;tag:h2|text_align:center&#8221; use_theme_fonts=&#8221;yes&#8221; link=&#8221;url:http%3A%2F%2Fpasquaphilippe.com%2Fexpositions%2Fexpositions-recentes%2Fversus%2F|||&#8221;][vc_empty_space height=&#8221;12&#8243;][vc_column_text css=&#8221;.vc_custom_1733277581837{margin-bottom: 27px !important;}&#8221;]<\/p>\n<p class=\"vc_custom_heading\" style=\"text-align: center;\"><span style=\"text-decoration: underline;\"><span style=\"font-size: 12pt;\"><a href=\"http:\/\/www.pasquaphilippe.com\/expositions\/expositions-recentes\/versus\/\">Until the 30th of April 2019<\/a><\/span><\/span><\/p>\n<p>[\/vc_column_text][vc_custom_heading text=&#8221;The Storage<br \/>\nSaint-Ouen-L&#8217;Aum\u00f4ne&#8221; font_container=&#8221;tag:h3|text_align:center&#8221; use_theme_fonts=&#8221;yes&#8221; link=&#8221;url:http%3A%2F%2Fpasquaphilippe.com%2Fexpositions%2Fexpositions-recentes%2Fversus%2F|||&#8221;][\/vc_column_inner][\/vc_row_inner][vc_empty_space][vc_row_inner][vc_column_inner width=&#8221;1\/3&#8243;][vc_single_image image=&#8221;257&#8243; img_size=&#8221;350&#215;430&#8243; alignment=&#8221;center&#8221; onclick=&#8221;custom_link&#8221; link=&#8221;http:\/\/www.pasquaphilippe.com\/expositions\/expositions-recentes\/allegoria\/&#8221;][vc_custom_heading text=&#8221;ALLEGORIA&#8221; font_container=&#8221;tag:h2|text_align:center&#8221; use_theme_fonts=&#8221;yes&#8221; link=&#8221;url:http%3A%2F%2Fpasquaphilippe.com%2Fexpositions%2Fexpositions-recentes%2Fallegoria%2F|||&#8221;][vc_empty_space height=&#8221;12&#8243;][vc_column_text css=&#8221;.vc_custom_1733277610349{margin-bottom: 27px !important;}&#8221;]<\/p>\n<p class=\"vc_custom_heading\" style=\"text-align: center;\"><span style=\"text-decoration: underline;\"><a href=\"http:\/\/www.pasquaphilippe.com\/expositions\/expositions-recentes\/allegoria\/\"><span style=\"font-size: 14pt;\"><span style=\"font-size: 12pt;\">31th of May &#8211; 30th of December 2018<\/span> <\/span><\/a><\/span><\/p>\n<p>[\/vc_column_text][vc_custom_heading text=&#8221;Domaine D\u00e9partemental Chamarande&#8221; font_container=&#8221;tag:h3|text_align:center&#8221; use_theme_fonts=&#8221;yes&#8221; link=&#8221;url:http%3A%2F%2Fpasquaphilippe.com%2Fexpositions%2Fexpositions-recentes%2Fallegoria%2F|||&#8221;][\/vc_column_inner][vc_column_inner width=&#8221;1\/3&#8243;][vc_single_image image=&#8221;497&#8243; img_size=&#8221;350&#215;430&#8243; alignment=&#8221;center&#8221; onclick=&#8221;custom_link&#8221; link=&#8221;http:\/\/www.pasquaphilippe.com\/expositions\/expositions-recentes\/borderline\/&#8221;][vc_custom_heading text=&#8221;BORDERLINE&#8221; font_container=&#8221;tag:h2|text_align:center&#8221; use_theme_fonts=&#8221;yes&#8221; link=&#8221;url:http%3A%2F%2Fpasquaphilippe.com%2Fexpositions%2Fexpositions-recentes%2Fborderline%2F|||&#8221;][vc_empty_space height=&#8221;12&#8243;][vc_column_text css=&#8221;.vc_custom_1733277632446{margin-bottom: 27px !important;}&#8221;]<\/p>\n<p class=\"vc_custom_heading\" style=\"text-align: center;\"><span style=\"text-decoration: underline; font-size: 12pt;\"><a href=\"http:\/\/www.pasquaphilippe.com\/expositions\/expositions-recentes\/borderline\/\">5th of May &#8211; 31th of December 2017<\/a><\/span><\/p>\n<p>[\/vc_column_text][vc_custom_heading text=&#8221;Mus\u00e9e Oc\u00e9anographique de Monaco&#8221; font_container=&#8221;tag:h3|text_align:center&#8221; use_theme_fonts=&#8221;yes&#8221; link=&#8221;url:http%3A%2F%2Fpasquaphilippe.com%2Fexpositions%2Fexpositions-recentes%2Fborderline%2F|||&#8221;][\/vc_column_inner][vc_column_inner width=&#8221;1\/3&#8243;][vc_single_image image=&#8221;1088&#8243; img_size=&#8221;350&#215;430&#8243; alignment=&#8221;center&#8221; onclick=&#8221;custom_link&#8221; img_link_target=&#8221;_blank&#8221; css=&#8221;&#8221; link=&#8221;https:\/\/www.pasquaphilippe.com\/expositions\/expositions-recentes\/fernet-branca\/&#8221;][vc_custom_heading text=&#8221;FERNET BRANCA&#8221; font_container=&#8221;tag:h2|text_align:center&#8221; use_theme_fonts=&#8221;yes&#8221; css=&#8221;&#8221; link=&#8221;url:http%3A%2F%2Fpasquaphilippe.com%2Fexpositions%2Fexpositions-recentes%2Fborderline%2F|target:_blank&#8221;][vc_empty_space height=&#8221;12&#8243;][vc_column_text css=&#8221;.vc_custom_1733277668019{margin-bottom: 27px !important;}&#8221;]<\/p>\n<p class=\"vc_custom_heading\" style=\"text-align: center;\"><span style=\"text-decoration: underline; font-size: 12pt;\"><a href=\"https:\/\/www.pasquaphilippe.com\/expositions\/expositions-recentes\/fernet-branca\/\">16th of september &#8211; 9th of December 2012<\/a><\/span><\/p>\n<p>[\/vc_column_text][vc_custom_heading text=&#8221;Saint-Louis, Fondation Fernet-Branca&#8221; font_container=&#8221;tag:h3|text_align:center&#8221; use_theme_fonts=&#8221;yes&#8221; css=&#8221;&#8221; link=&#8221;url:https%3A%2F%2Fwww.pasquaphilippe.com%2Fexpositions%2Fexpositions-recentes%2Ffernet-branca%2F|target:_blank&#8221;][\/vc_column_inner][\/vc_row_inner][\/vc_column][\/vc_row][vc_row][vc_column][vc_empty_space height=&#8221;100px&#8221;][\/vc_column][\/vc_row]<\/p>\n<p><\/p>\n<\/div>","protected":false},"excerpt":{"rendered":"<p>[vc_row css=&#8221;.vc_custom_1540412340912{margin-bottom: -70px !important;}&#8221;][vc_column][vc_row_inner][vc_column_inner width=&#8221;1\/3&#8243;][vc_single_image image=&#8221;910&#8243; img_size=&#8221;298&#215;432&#8243; alignment=&#8221;center&#8221; onclick=&#8221;custom_link&#8221; link=&#8221;https:\/\/www.pasquaphilippe.com\/expositions\/expositions-recentes\/el-lado-oscuro-2\/&#8221;][vc_custom_heading text=&#8221;EL LADO OSCURO&#8221; font_container=&#8221;tag:h2|text_align:center&#8221; use_theme_fonts=&#8221;yes&#8221; link=&#8221;url:https%3A%2F%2Fwww.pasquaphilippe.com%2Fexpositions%2Fexpositions-recentes%2Fel-lado-oscuro-2%2F|title:%5B%3Afr%5DEL%20LADO%20OSCURO%5B%3Aen%5DEL%20LADO%20OSCURO%5B%3A%5D||&#8221;][vc_empty_space height=&#8221;12&#8243;][vc_column_text css=&#8221;.vc_custom_1733277521145{margin-bottom: 27px !important;}&#8221;] 11th of September \u2013 29th of November 2020 [\/vc_column_text][vc_custom_heading text=&#8221;CAC de Malaga &#8211; Espagne&#8221; font_container=&#8221;tag:h3|text_align:center&#8221; use_theme_fonts=&#8221;yes&#8221; link=&#8221;url:https%3A%2F%2Fwww.pasquaphilippe.com%2Fexpositions%2Fexpositions-recentes%2Fel-lado-oscuro-2%2F|title:%5B%3Afr%5DEL%20LADO%20OSCURO%5B%3Aen%5DEL%20LADO%20OSCURO%5B%3A%5D||&#8221;][\/vc_column_inner][vc_column_inner width=&#8221;1\/3&#8243;][vc_single_image image=&#8221;835&#8243; img_size=&#8221;298&#215;432&#8243; alignment=&#8221;center&#8221; onclick=&#8221;custom_link&#8221; link=&#8221;https:\/\/www.pasquaphilippe.com\/expositions\/expositions-recentes\/togethher\/&#8221;][vc_custom_heading text=&#8221;TOGETH\u2019HER&#8221; font_container=&#8221;tag:h2|text_align:center&#8221; use_theme_fonts=&#8221;yes&#8221; link=&#8221;url:https%3A%2F%2Fwww.pasquaphilippe.com%2Fexpositions%2Fexpositions-recentes%2Ftogethher%2F|||&#8221;][vc_empty_space height=&#8221;12&#8243;][vc_column_text css=&#8221;.vc_custom_1733277550255{margin-bottom: 27px !important;}&#8221;] 19th of February \u2013&hellip;<\/p>\n","protected":false},"author":1,"featured_media":0,"parent":81,"menu_order":0,"comment_status":"closed","ping_status":"closed","template":"","meta":{"_exactmetrics_skip_tracking":false,"_exactmetrics_sitenote_active":false,"_exactmetrics_sitenote_note":"","_exactmetrics_sitenote_category":0,"footnotes":""},"class_list":["post-238","page","type-page","status-publish","hentry","description-off"],"yoast_head":"<!-- This site is optimized with the Yoast SEO plugin v25.6 - https:\/\/yoast.com\/wordpress\/plugins\/seo\/ -->\n<title>EXPOSITIONS R\u00c9CENTES - PHILIPPE PASQUA<\/title>\n<meta name=\"description\" content=\"D\u00e9couvrez l&#039;ensemble des expositions r\u00e9centes du peintre Philippe Pasqua. De 1990 \u00e0 2016, d\u00e9couvrez la totalit\u00e9 des expositions r\u00e9centes !\" \/>\n<meta name=\"robots\" content=\"noindex, nofollow\" \/>\n<meta property=\"og:locale\" content=\"en_US\" \/>\n<meta property=\"og:type\" content=\"article\" \/>\n<meta property=\"og:title\" content=\"EXPOSITIONS R\u00c9CENTES - PHILIPPE PASQUA\" \/>\n<meta property=\"og:description\" content=\"D\u00e9couvrez l&#039;ensemble des expositions r\u00e9centes du peintre Philippe Pasqua. De 1990 \u00e0 2016, d\u00e9couvrez la totalit\u00e9 des expositions r\u00e9centes !\" \/>\n<meta property=\"og:url\" content=\"https:\/\/www.pasquaphilippe.com\/en\/expositions\/expositions-recentes\/\" \/>\n<meta property=\"og:site_name\" content=\"pasqua\" \/>\n<meta property=\"article:modified_time\" content=\"2024-12-04T02:01:11+00:00\" \/>\n<meta name=\"twitter:card\" content=\"summary_large_image\" \/>\n<meta name=\"twitter:label1\" content=\"Est. reading time\" \/>\n\t<meta name=\"twitter:data1\" content=\"1 minute\" \/>\n<script type=\"application\/ld+json\" class=\"yoast-schema-graph\">{\"@context\":\"https:\/\/schema.org\",\"@graph\":[{\"@type\":\"WebPage\",\"@id\":\"https:\/\/www.pasquaphilippe.com\/en\/expositions\/expositions-recentes\/\",\"url\":\"https:\/\/www.pasquaphilippe.com\/en\/expositions\/expositions-recentes\/\",\"name\":\"EXPOSITIONS R\u00c9CENTES - PHILIPPE PASQUA\",\"isPartOf\":{\"@id\":\"https:\/\/www.pasquaphilippe.com\/en\/#website\"},\"datePublished\":\"2018-11-08T03:49:15+00:00\",\"dateModified\":\"2024-12-04T02:01:11+00:00\",\"description\":\"D\u00e9couvrez l'ensemble des expositions r\u00e9centes du peintre Philippe Pasqua. De 1990 \u00e0 2016, d\u00e9couvrez la totalit\u00e9 des expositions r\u00e9centes !\",\"breadcrumb\":{\"@id\":\"https:\/\/www.pasquaphilippe.com\/en\/expositions\/expositions-recentes\/#breadcrumb\"},\"inLanguage\":\"en-US\",\"potentialAction\":[{\"@type\":\"ReadAction\",\"target\":[[\"https:\/\/www.pasquaphilippe.com\/en\/expositions\/expositions-recentes\/\"]]}]},{\"@type\":\"BreadcrumbList\",\"@id\":\"https:\/\/www.pasquaphilippe.com\/en\/expositions\/expositions-recentes\/#breadcrumb\",\"itemListElement\":[{\"@type\":\"ListItem\",\"position\":1,\"name\":\"Home\",\"item\":\"https:\/\/www.pasquaphilippe.com\/en\/\"},{\"@type\":\"ListItem\",\"position\":2,\"name\":\"EXPOSITIONS\",\"item\":\"https:\/\/www.pasquaphilippe.com\/en\/expositions\/\"},{\"@type\":\"ListItem\",\"position\":3,\"name\":\"EXPOSITIONS RECENTES\"}]},{\"@type\":\"WebSite\",\"@id\":\"https:\/\/www.pasquaphilippe.com\/en\/#website\",\"url\":\"https:\/\/www.pasquaphilippe.com\/en\/\",\"name\":\"pasqua\",\"description\":\"\",\"potentialAction\":[{\"@type\":\"SearchAction\",\"target\":{\"@type\":\"EntryPoint\",\"urlTemplate\":\"https:\/\/www.pasquaphilippe.com\/en\/?s={search_term_string}\"},\"query-input\":{\"@type\":\"PropertyValueSpecification\",\"valueRequired\":true,\"valueName\":\"search_term_string\"}}],\"inLanguage\":\"en-US\"}]}<\/script>\n<!-- \/ Yoast SEO plugin. -->","yoast_head_json":{"title":"EXPOSITIONS R\u00c9CENTES - PHILIPPE PASQUA","description":"D\u00e9couvrez l'ensemble des expositions r\u00e9centes du peintre Philippe Pasqua. De 1990 \u00e0 2016, d\u00e9couvrez la totalit\u00e9 des expositions r\u00e9centes !","robots":{"index":"noindex","follow":"nofollow"},"og_locale":"en_US","og_type":"article","og_title":"EXPOSITIONS R\u00c9CENTES - PHILIPPE PASQUA","og_description":"D\u00e9couvrez l'ensemble des expositions r\u00e9centes du peintre Philippe Pasqua. De 1990 \u00e0 2016, d\u00e9couvrez la totalit\u00e9 des expositions r\u00e9centes !","og_url":"https:\/\/www.pasquaphilippe.com\/en\/expositions\/expositions-recentes\/","og_site_name":"pasqua","article_modified_time":"2024-12-04T02:01:11+00:00","twitter_card":"summary_large_image","twitter_misc":{"Est. reading time":"1 minute"},"schema":{"@context":"https:\/\/schema.org","@graph":[{"@type":"WebPage","@id":"https:\/\/www.pasquaphilippe.com\/en\/expositions\/expositions-recentes\/","url":"https:\/\/www.pasquaphilippe.com\/en\/expositions\/expositions-recentes\/","name":"EXPOSITIONS R\u00c9CENTES - PHILIPPE PASQUA","isPartOf":{"@id":"https:\/\/www.pasquaphilippe.com\/en\/#website"},"datePublished":"2018-11-08T03:49:15+00:00","dateModified":"2024-12-04T02:01:11+00:00","description":"D\u00e9couvrez l'ensemble des expositions r\u00e9centes du peintre Philippe Pasqua. De 1990 \u00e0 2016, d\u00e9couvrez la totalit\u00e9 des expositions r\u00e9centes !","breadcrumb":{"@id":"https:\/\/www.pasquaphilippe.com\/en\/expositions\/expositions-recentes\/#breadcrumb"},"inLanguage":"en-US","potentialAction":[{"@type":"ReadAction","target":[["https:\/\/www.pasquaphilippe.com\/en\/expositions\/expositions-recentes\/"]]}]},{"@type":"BreadcrumbList","@id":"https:\/\/www.pasquaphilippe.com\/en\/expositions\/expositions-recentes\/#breadcrumb","itemListElement":[{"@type":"ListItem","position":1,"name":"Home","item":"https:\/\/www.pasquaphilippe.com\/en\/"},{"@type":"ListItem","position":2,"name":"EXPOSITIONS","item":"https:\/\/www.pasquaphilippe.com\/en\/expositions\/"},{"@type":"ListItem","position":3,"name":"EXPOSITIONS RECENTES"}]},{"@type":"WebSite","@id":"https:\/\/www.pasquaphilippe.com\/en\/#website","url":"https:\/\/www.pasquaphilippe.com\/en\/","name":"pasqua","description":"","potentialAction":[{"@type":"SearchAction","target":{"@type":"EntryPoint","urlTemplate":"https:\/\/www.pasquaphilippe.com\/en\/?s={search_term_string}"},"query-input":{"@type":"PropertyValueSpecification","valueRequired":true,"valueName":"search_term_string"}}],"inLanguage":"en-US"}]}},"_links":{"self":[{"href":"https:\/\/www.pasquaphilippe.com\/en\/wp-json\/wp\/v2\/pages\/238"}],"collection":[{"href":"https:\/\/www.pasquaphilippe.com\/en\/wp-json\/wp\/v2\/pages"}],"about":[{"href":"https:\/\/www.pasquaphilippe.com\/en\/wp-json\/wp\/v2\/types\/page"}],"author":[{"embeddable":true,"href":"https:\/\/www.pasquaphilippe.com\/en\/wp-json\/wp\/v2\/users\/1"}],"replies":[{"embeddable":true,"href":"https:\/\/www.pasquaphilippe.com\/en\/wp-json\/wp\/v2\/comments?post=238"}],"version-history":[{"count":8,"href":"https:\/\/www.pasquaphilippe.com\/en\/wp-json\/wp\/v2\/pages\/238\/revisions"}],"predecessor-version":[{"id":1113,"href":"https:\/\/www.pasquaphilippe.com\/en\/wp-json\/wp\/v2\/pages\/238\/revisions\/1113"}],"up":[{"embeddable":true,"href":"https:\/\/www.pasquaphilippe.com\/en\/wp-json\/wp\/v2\/pages\/81"}],"wp:attachment":[{"href":"https:\/\/www.pasquaphilippe.com\/en\/wp-json\/wp\/v2\/media?parent=238"}],"curies":[{"name":"wp","href":"https:\/\/api.w.org\/{rel}","templated":true}]}}