{"id":466,"date":"2018-11-14T13:36:20","date_gmt":"2018-11-14T13:36:20","guid":{"rendered":"http:\/\/www.pasquaphilippe.com\/?page_id=466"},"modified":"2020-02-29T14:32:56","modified_gmt":"2020-02-29T14:32:56","slug":"the-storage","status":"publish","type":"page","link":"https:\/\/www.pasquaphilippe.com\/en\/the-storage\/","title":{"rendered":"THE STORAGE"},"content":{"rendered":"<div class=\"wpb-content-wrapper\"><p>[vc_row][vc_column][vc_row_inner content_placement=&#8221;bottom&#8221;][vc_column_inner width=&#8221;2\/3&#8243;][vc_single_image image=&#8221;468&#8243; img_size=&#8221;full&#8221;][vc_column_text]<\/p>\n<p style=\"text-align: justify;\">La galerie The Storage est situ\u00e9e \u00e0 Saint-Ouen-l\u2019Aum\u00f4ne, en banlieue proche de Paris. Elle a \u00e9t\u00e9 inaugur\u00e9e en 2010. A cette \u00e9poque, ce projet atypique et innovant, celui d\u2019investir une galerie aux portes de Paris a inspir\u00e9 des galeristes de renomm\u00e9e internationale.<\/p>\n<p style=\"text-align: justify;\">Le choix d\u2019implanter la galerie The Storage \u00e0 Saint-Ouen-l\u2019Aum\u00f4ne n\u2019est pas une co\u00efncidence. Situ\u00e9e proche d\u2019Auvers-sur-Oise, p\u00f4le d\u2019attraction impressionniste qui a attir\u00e9 dans la 2<sup>\u00e8me<\/sup> partie du XIX \u00e8me si\u00e8cle des peintres parmi les plus importants de leur temps, comme Van Gogh, la galerie The Storage contribue ainsi \u00e0 former ce v\u00e9ritable ensemble culturel m\u00ealant l\u2019art moderne \u00e0 l\u2019art contemporain.<\/p>\n<p style=\"text-align: justify;\">M\u00eame si l\u2019ensemble des galeries se concentre majoritairement au centre de Paris, la galerie The Storage a b\u00e9n\u00e9fici\u00e9 de nombreux avantages non n\u00e9gligeables en s\u2019installant en banlieue parisienne. Construite dans un b\u00e2timent industriel soutenu par des poutres en acier, la galerie offre un espace de plus de 3\u00a0000 m2, avec ses grandes pi\u00e8ces ouvertes et sa hauteur sous-plafond, destin\u00e9es \u00e0 abriter des \u0153uvres de tailles d\u00e9mesur\u00e9es. Elle comporte aussi un jardin alliant nature, architecture et sculptures, o\u00f9 palmiers et rhododendrons se m\u00ealent aux arches en ardoise qui surplombent un bassin, lieu de vill\u00e9giature de carpes japonaises. The Storage est ainsi un espace moderne et spacieux aux allures de mus\u00e9e par sa grandeur et l\u2019atmosph\u00e8re qui s\u2019en d\u00e9gage.<\/p>\n<p style=\"text-align: justify;\">Longtemps consid\u00e9r\u00e9e comme la galerie exclusive de l\u2019artiste contemporain fran\u00e7ais, Philippe Pasqua, reconnu comme l\u2019un des artistes majeurs de sa g\u00e9n\u00e9ration, The Storage, en perp\u00e9tuelle innovation, se transformera prochainement en une galerie multi-artistes, o\u00f9 les \u0153uvres de Philippe Pasqua cohabiteront avec celles d\u2019artistes confirm\u00e9s. Ainsi, se cr\u00e9era un certain dialogue entre ces \u0153uvres.<\/p>\n<p>[\/vc_column_text][\/vc_column_inner][vc_column_inner width=&#8221;1\/3&#8243;][vc_single_image image=&#8221;423&#8243; img_size=&#8221;350&#215;550&#8243; alignment=&#8221;right&#8221;][\/vc_column_inner][\/vc_row_inner][vc_empty_space][vc_btn title=&#8221;VOIR THE STORAGE&#8221; style=&#8221;custom&#8221; custom_background=&#8221;#000000&#8243; custom_text=&#8221;#ffffff&#8221; shape=&#8221;square&#8221; align=&#8221;center&#8221; link=&#8221;url:http%3A%2F%2FTHE-storage.fr||target:%20_blank|&#8221;][vc_empty_space][\/vc_column][\/vc_row][vc_row full_width=&#8221;stretch_row_content_no_spaces&#8221; css=&#8221;.vc_custom_1542202478909{margin-bottom: -50px !important;}&#8221;][vc_column][vc_empty_space]<style type=\"text\/css\" data-type=\"the7_shortcodes-inline-css\">.carousel-shortcode.carousel-shortcode-id-6dd3f550219ec63d40018d743c3612b2 .owl-nav a {\n  width: 36px;\n  height: 36px;\n  border-radius: 500px;\n}\n.dt-arrow-border-on.carousel-shortcode.carousel-shortcode-id-6dd3f550219ec63d40018d743c3612b2 .owl-nav a:not(:hover):before {\n  border-width: 0px;\n}\n.dt-arrow-hover-border-on.carousel-shortcode.carousel-shortcode-id-6dd3f550219ec63d40018d743c3612b2 .owl-nav a:hover:after {\n  border-width: 0px;\n}\n.carousel-shortcode.carousel-shortcode-id-6dd3f550219ec63d40018d743c3612b2 .owl-nav a.owl-prev {\n  top: 50%;\n  transform: translateY(calc(-50% + 0px));\n  left: -43px;\n}\n@media all and (-ms-high-contrast: none) {\n  .carousel-shortcode.carousel-shortcode-id-6dd3f550219ec63d40018d743c3612b2 .owl-nav a.owl-prev {\n    transform: translateY(-50%);\n    margin-top: 0px;\n  }\n}\n.carousel-shortcode.carousel-shortcode-id-6dd3f550219ec63d40018d743c3612b2 .owl-nav a.owl-prev i {\n  padding: 0px 0px 0px 0px;\n}\n.carousel-shortcode.carousel-shortcode-id-6dd3f550219ec63d40018d743c3612b2 .owl-nav a.owl-next {\n  top: 50%;\n  transform: translateY(calc(-50% + 0px));\n  right: -43px;\n}\n@media all and (-ms-high-contrast: none) {\n  .carousel-shortcode.carousel-shortcode-id-6dd3f550219ec63d40018d743c3612b2 .owl-nav a.owl-next {\n    transform: translateY(-50%);\n    margin-top: 0px;\n  }\n}\n.carousel-shortcode.carousel-shortcode-id-6dd3f550219ec63d40018d743c3612b2 .owl-nav a.owl-next i {\n  padding: 0px 0px 0px 0px;\n}\n.carousel-shortcode.carousel-shortcode-id-6dd3f550219ec63d40018d743c3612b2 .owl-nav i {\n  font-size: 18px;\n}\n.carousel-shortcode.carousel-shortcode-id-6dd3f550219ec63d40018d743c3612b2 .owl-nav a:not(:hover) i,\n.carousel-shortcode.carousel-shortcode-id-6dd3f550219ec63d40018d743c3612b2 .owl-nav a:not(:hover) i:before {\n  color: #ffffff;\n  background: none;\n}\n.carousel-shortcode.carousel-shortcode-id-6dd3f550219ec63d40018d743c3612b2 .owl-nav a:hover i,\n.carousel-shortcode.carousel-shortcode-id-6dd3f550219ec63d40018d743c3612b2 .owl-nav a:hover i:before {\n  color: rgba(255,255,255,0.75);\n  background: none;\n}\n.carousel-shortcode.carousel-shortcode-id-6dd3f550219ec63d40018d743c3612b2 .owl-dots {\n  top: calc(100% + 20px);\n  left: 50%;\n  transform: translateX(calc(-50% + 0px));\n}\n@media all and (-ms-high-contrast: none) {\n  .carousel-shortcode.carousel-shortcode-id-6dd3f550219ec63d40018d743c3612b2 .owl-dots {\n    transform: translateX(-50%);\n    margin-left: 0px;\n  }\n}\n.carousel-shortcode.carousel-shortcode-id-6dd3f550219ec63d40018d743c3612b2 .owl-dot {\n  width: 10px;\n  height: 10px;\n  margin: 0 8px;\n}\n@media screen and (max-width: 778px) {\n  .carousel-shortcode.carousel-shortcode-id-6dd3f550219ec63d40018d743c3612b2.hide-arrows .owl-nav a {\n    display: none;\n  }\n}\n@media screen and (max-width: 778px) {\n  .carousel-shortcode.carousel-shortcode-id-6dd3f550219ec63d40018d743c3612b2.reposition-arrows .owl-nav .owl-prev {\n    top: 50%;\n    transform: translateY(calc(-50% + 0px));\n    left: 10px;\n  }\n  .carousel-shortcode.carousel-shortcode-id-6dd3f550219ec63d40018d743c3612b2.reposition-arrows .owl-nav .owl-next {\n    top: 50%;\n    transform: translateY(calc(-50% + 0px));\n    right: 10px;\n  }\n}\n@media screen and (max-width: 778px) and all and (-ms-high-contrast: none) {\n  .carousel-shortcode.carousel-shortcode-id-6dd3f550219ec63d40018d743c3612b2.reposition-arrows .owl-nav .owl-prev {\n    transform: translateY(-50%);\n    margin-top: 0px;\n  }\n}\n@media screen and (max-width: 778px) and all and (-ms-high-contrast: none) {\n  .carousel-shortcode.carousel-shortcode-id-6dd3f550219ec63d40018d743c3612b2.reposition-arrows .owl-nav .owl-next {\n    transform: translateY(-50%);\n    margin-top: 0px;\n  }\n}<\/style><div class=\"owl-carousel carousel-shortcode dt-owl-carousel-call carousel-shortcode-id-6dd3f550219ec63d40018d743c3612b2 bullets-small-dot-stroke reposition-arrows arrows-bg-on dt-arrow-border-on dt-arrow-hover-border-on disable-arrows-hover-bg arrows-hover-bg-on  \" data-scroll-mode=\"1\" data-col-num=\"7\" data-wide-col-num=\"4\" data-laptop-col=\"7\" data-h-tablet-columns-num=\"7\" data-v-tablet-columns-num=\"2\" data-phone-columns-num=\"1\" data-auto-height=\"true\" data-col-gap=\"0\" data-stage-padding=\"0\" data-speed=\"600\" data-autoplay=\"false\" data-autoplay_speed=\"6000\" data-arrows=\"false\" data-bullet=\"false\" data-next-icon=\"icon-ar-017-r\" data-prev-icon=\"icon-ar-017-l\">[vc_single_image image=&#8221;311&#8243; img_size=&#8221;400&#215;400&#8243; alignment=&#8221;center&#8221; onclick=&#8221;link_image&#8221;][vc_single_image image=&#8221;320&#8243; img_size=&#8221;400&#215;400&#8243; alignment=&#8221;center&#8221; onclick=&#8221;link_image&#8221;][vc_single_image image=&#8221;318&#8243; img_size=&#8221;400&#215;400&#8243; alignment=&#8221;center&#8221; onclick=&#8221;link_image&#8221;][vc_single_image image=&#8221;463&#8243; img_size=&#8221;400&#215;400&#8243; alignment=&#8221;center&#8221; onclick=&#8221;link_image&#8221;][vc_single_image image=&#8221;323&#8243; img_size=&#8221;400&#215;400&#8243; alignment=&#8221;center&#8221; onclick=&#8221;link_image&#8221;][vc_single_image image=&#8221;314&#8243; img_size=&#8221;400&#215;400&#8243; alignment=&#8221;center&#8221; onclick=&#8221;link_image&#8221;][vc_single_image image=&#8221;309&#8243; img_size=&#8221;400&#215;400&#8243; alignment=&#8221;center&#8221; onclick=&#8221;link_image&#8221;][vc_single_image image=&#8221;306&#8243; img_size=&#8221;400&#215;400&#8243; alignment=&#8221;center&#8221; onclick=&#8221;link_image&#8221;]<\/div>[\/vc_column][\/vc_row]<\/p>\n<\/div>","protected":false},"excerpt":{"rendered":"<p>[vc_row][vc_column][vc_row_inner content_placement=&#8221;bottom&#8221;][vc_column_inner width=&#8221;2\/3&#8243;][vc_single_image image=&#8221;468&#8243; img_size=&#8221;full&#8221;][vc_column_text] La galerie The Storage est situ\u00e9e \u00e0 Saint-Ouen-l\u2019Aum\u00f4ne, en banlieue proche de Paris. Elle a \u00e9t\u00e9 inaugur\u00e9e en 2010. A cette \u00e9poque, ce projet atypique et innovant, celui d\u2019investir une galerie aux portes de Paris a inspir\u00e9 des galeristes de renomm\u00e9e internationale. Le choix d\u2019implanter la galerie The Storage \u00e0&hellip;<\/p>\n","protected":false},"author":1,"featured_media":0,"parent":0,"menu_order":0,"comment_status":"closed","ping_status":"closed","template":"","meta":{"_exactmetrics_skip_tracking":false,"_exactmetrics_sitenote_active":false,"_exactmetrics_sitenote_note":"","_exactmetrics_sitenote_category":0,"footnotes":""},"class_list":["post-466","page","type-page","status-publish","hentry","description-off"],"yoast_head":"<!-- This site is optimized with the Yoast SEO plugin v25.6 - https:\/\/yoast.com\/wordpress\/plugins\/seo\/ -->\n<title>THE STORAGE - pasqua<\/title>\n<meta name=\"robots\" content=\"index, follow, max-snippet:-1, max-image-preview:large, max-video-preview:-1\" \/>\n<link rel=\"canonical\" href=\"https:\/\/www.pasquaphilippe.com\/en\/the-storage\/\" \/>\n<meta property=\"og:locale\" content=\"en_US\" \/>\n<meta property=\"og:type\" content=\"article\" \/>\n<meta property=\"og:title\" content=\"THE STORAGE - pasqua\" \/>\n<meta property=\"og:description\" content=\"[vc_row][vc_column][vc_row_inner content_placement=&#8221;bottom&#8221;][vc_column_inner width=&#8221;2\/3&#8243;][vc_single_image image=&#8221;468&#8243; img_size=&#8221;full&#8221;][vc_column_text] La galerie The Storage est situ\u00e9e \u00e0 Saint-Ouen-l\u2019Aum\u00f4ne, en banlieue proche de Paris. Elle a \u00e9t\u00e9 inaugur\u00e9e en 2010. A cette \u00e9poque, ce projet atypique et innovant, celui d\u2019investir une galerie aux portes de Paris a inspir\u00e9 des galeristes de renomm\u00e9e internationale. Le choix d\u2019implanter la galerie The Storage \u00e0&hellip;\" \/>\n<meta property=\"og:url\" content=\"https:\/\/www.pasquaphilippe.com\/en\/the-storage\/\" \/>\n<meta property=\"og:site_name\" content=\"pasqua\" \/>\n<meta property=\"article:modified_time\" content=\"2020-02-29T14:32:56+00:00\" \/>\n<meta name=\"twitter:card\" content=\"summary_large_image\" \/>\n<meta name=\"twitter:label1\" content=\"Est. reading time\" \/>\n\t<meta name=\"twitter:data1\" content=\"5 minutes\" \/>\n<script type=\"application\/ld+json\" class=\"yoast-schema-graph\">{\"@context\":\"https:\/\/schema.org\",\"@graph\":[{\"@type\":\"WebPage\",\"@id\":\"https:\/\/www.pasquaphilippe.com\/en\/the-storage\/\",\"url\":\"https:\/\/www.pasquaphilippe.com\/en\/the-storage\/\",\"name\":\"THE STORAGE - pasqua\",\"isPartOf\":{\"@id\":\"https:\/\/www.pasquaphilippe.com\/en\/#website\"},\"datePublished\":\"2018-11-14T13:36:20+00:00\",\"dateModified\":\"2020-02-29T14:32:56+00:00\",\"breadcrumb\":{\"@id\":\"https:\/\/www.pasquaphilippe.com\/en\/the-storage\/#breadcrumb\"},\"inLanguage\":\"en-US\",\"potentialAction\":[{\"@type\":\"ReadAction\",\"target\":[[\"https:\/\/www.pasquaphilippe.com\/en\/the-storage\/\"]]}]},{\"@type\":\"BreadcrumbList\",\"@id\":\"https:\/\/www.pasquaphilippe.com\/en\/the-storage\/#breadcrumb\",\"itemListElement\":[{\"@type\":\"ListItem\",\"position\":1,\"name\":\"Home\",\"item\":\"https:\/\/www.pasquaphilippe.com\/en\/\"},{\"@type\":\"ListItem\",\"position\":2,\"name\":\"THE STORAGE\"}]},{\"@type\":\"WebSite\",\"@id\":\"https:\/\/www.pasquaphilippe.com\/en\/#website\",\"url\":\"https:\/\/www.pasquaphilippe.com\/en\/\",\"name\":\"pasqua\",\"description\":\"\",\"potentialAction\":[{\"@type\":\"SearchAction\",\"target\":{\"@type\":\"EntryPoint\",\"urlTemplate\":\"https:\/\/www.pasquaphilippe.com\/en\/?s={search_term_string}\"},\"query-input\":{\"@type\":\"PropertyValueSpecification\",\"valueRequired\":true,\"valueName\":\"search_term_string\"}}],\"inLanguage\":\"en-US\"}]}<\/script>\n<!-- \/ Yoast SEO plugin. -->","yoast_head_json":{"title":"THE STORAGE - pasqua","robots":{"index":"index","follow":"follow","max-snippet":"max-snippet:-1","max-image-preview":"max-image-preview:large","max-video-preview":"max-video-preview:-1"},"canonical":"https:\/\/www.pasquaphilippe.com\/en\/the-storage\/","og_locale":"en_US","og_type":"article","og_title":"THE STORAGE - pasqua","og_description":"[vc_row][vc_column][vc_row_inner content_placement=&#8221;bottom&#8221;][vc_column_inner width=&#8221;2\/3&#8243;][vc_single_image image=&#8221;468&#8243; img_size=&#8221;full&#8221;][vc_column_text] La galerie The Storage est situ\u00e9e \u00e0 Saint-Ouen-l\u2019Aum\u00f4ne, en banlieue proche de Paris. Elle a \u00e9t\u00e9 inaugur\u00e9e en 2010. A cette \u00e9poque, ce projet atypique et innovant, celui d\u2019investir une galerie aux portes de Paris a inspir\u00e9 des galeristes de renomm\u00e9e internationale. Le choix d\u2019implanter la galerie The Storage \u00e0&hellip;","og_url":"https:\/\/www.pasquaphilippe.com\/en\/the-storage\/","og_site_name":"pasqua","article_modified_time":"2020-02-29T14:32:56+00:00","twitter_card":"summary_large_image","twitter_misc":{"Est. reading time":"5 minutes"},"schema":{"@context":"https:\/\/schema.org","@graph":[{"@type":"WebPage","@id":"https:\/\/www.pasquaphilippe.com\/en\/the-storage\/","url":"https:\/\/www.pasquaphilippe.com\/en\/the-storage\/","name":"THE STORAGE - pasqua","isPartOf":{"@id":"https:\/\/www.pasquaphilippe.com\/en\/#website"},"datePublished":"2018-11-14T13:36:20+00:00","dateModified":"2020-02-29T14:32:56+00:00","breadcrumb":{"@id":"https:\/\/www.pasquaphilippe.com\/en\/the-storage\/#breadcrumb"},"inLanguage":"en-US","potentialAction":[{"@type":"ReadAction","target":[["https:\/\/www.pasquaphilippe.com\/en\/the-storage\/"]]}]},{"@type":"BreadcrumbList","@id":"https:\/\/www.pasquaphilippe.com\/en\/the-storage\/#breadcrumb","itemListElement":[{"@type":"ListItem","position":1,"name":"Home","item":"https:\/\/www.pasquaphilippe.com\/en\/"},{"@type":"ListItem","position":2,"name":"THE STORAGE"}]},{"@type":"WebSite","@id":"https:\/\/www.pasquaphilippe.com\/en\/#website","url":"https:\/\/www.pasquaphilippe.com\/en\/","name":"pasqua","description":"","potentialAction":[{"@type":"SearchAction","target":{"@type":"EntryPoint","urlTemplate":"https:\/\/www.pasquaphilippe.com\/en\/?s={search_term_string}"},"query-input":{"@type":"PropertyValueSpecification","valueRequired":true,"valueName":"search_term_string"}}],"inLanguage":"en-US"}]}},"_links":{"self":[{"href":"https:\/\/www.pasquaphilippe.com\/en\/wp-json\/wp\/v2\/pages\/466"}],"collection":[{"href":"https:\/\/www.pasquaphilippe.com\/en\/wp-json\/wp\/v2\/pages"}],"about":[{"href":"https:\/\/www.pasquaphilippe.com\/en\/wp-json\/wp\/v2\/types\/page"}],"author":[{"embeddable":true,"href":"https:\/\/www.pasquaphilippe.com\/en\/wp-json\/wp\/v2\/users\/1"}],"replies":[{"embeddable":true,"href":"https:\/\/www.pasquaphilippe.com\/en\/wp-json\/wp\/v2\/comments?post=466"}],"version-history":[{"count":5,"href":"https:\/\/www.pasquaphilippe.com\/en\/wp-json\/wp\/v2\/pages\/466\/revisions"}],"predecessor-version":[{"id":902,"href":"https:\/\/www.pasquaphilippe.com\/en\/wp-json\/wp\/v2\/pages\/466\/revisions\/902"}],"wp:attachment":[{"href":"https:\/\/www.pasquaphilippe.com\/en\/wp-json\/wp\/v2\/media?parent=466"}],"curies":[{"name":"wp","href":"https:\/\/api.w.org\/{rel}","templated":true}]}}