{"id":57,"date":"2018-10-24T20:36:46","date_gmt":"2018-10-24T20:36:46","guid":{"rendered":"http:\/\/www.pasquaphilippe.com\/?page_id=57"},"modified":"2025-04-26T14:35:13","modified_gmt":"2025-04-26T14:35:13","slug":"peintures-2-3","status":"publish","type":"page","link":"https:\/\/www.pasquaphilippe.com\/en\/les-oeuvres\/peintures-2-3\/","title":{"rendered":"PEINTURES"},"content":{"rendered":"<div class=\"wpb-content-wrapper\"><p><\/p>\n<p>[vc_row][vc_column][vc_custom_heading text=&#8221;PAINTINGS&#8221; font_container=&#8221;tag:h3|text_align:left&#8221; use_theme_fonts=&#8221;yes&#8221;][vc_tta_tabs shape=&#8221;square&#8221; color=&#8221;white&#8221; spacing=&#8221;20&#8243; gap=&#8221;20&#8243; alignment=&#8221;center&#8221; active_section=&#8221;1&#8243; no_fill_content_area=&#8221;true&#8221; css=&#8221;.vc_custom_1540915951324{background-color: #ffffff !important;}&#8221;][vc_tta_section title=&#8221;1990-1998&#8243; tab_id=&#8221;1540412637353-0a840042-ba65&#8243;][vc_media_grid style=&#8221;load-more&#8221; items_per_page=&#8221;12&#8243; css=&#8221;&#8221; btn_title=&#8221;Plus d&#8217;images&#8221; btn_color=&#8221;default&#8221; grid_id=&#8221;vc_gid:1745677940067-e1f93814-f01e-0&#8243; include=&#8221;1120,1121,1122,1123,1124,1125,1126,1127,1128,1129,1130,1131,1132,1133,1134,1135,1136,1137,1138,1139,1140,1141,1142,1143,1144,1145,1146,1147&#8243;][\/vc_tta_section][vc_tta_section title=&#8221;1998-2002&#8243; tab_id=&#8221;1540412637362-7c883368-9f41&#8243;][vc_media_grid style=&#8221;load-more&#8221; items_per_page=&#8221;12&#8243; css=&#8221;&#8221; btn_title=&#8221;Plus d&#8217;images&#8221; btn_color=&#8221;default&#8221; grid_id=&#8221;vc_gid:1745677940068-920f4c34-ecfd-1&#8243; include=&#8221;1149,1150,1151,1152,1153,1154,1155,1156,1157,1158,1159,1160,1161,1162,1163,1164,1165,1166,1167,1168&#8243;][\/vc_tta_section][vc_tta_section title=&#8221;2003-2008&#8243; tab_id=&#8221;1540918013469-14b8be54-0408&#8243;][vc_media_grid style=&#8221;load-more&#8221; items_per_page=&#8221;12&#8243; css=&#8221;&#8221; btn_title=&#8221;Plus d&#8217;images&#8221; btn_color=&#8221;default&#8221; grid_id=&#8221;vc_gid:1745677940072-325a32f4-96db-10&#8243; include=&#8221;1170,1171,1172,1173,1174,1175,1176,1177,1178,1179,1180,1181,1182,1183,1184,1185,1186,1187,1188,1189,1190,1191,1192,1193,1194,1195,1196,1197,1198,1199,1200,1201,1202,1203,1204,1205,1206,1207,1208,1209,1210,1211,1212,1213,1214,1215,1216,1217,1218,1219&#8243;][\/vc_tta_section][vc_tta_section title=&#8221;2009 &#8211; 2011&#8243; tab_id=&#8221;1736881504143-7e3db370-a7ba&#8221;][vc_media_grid style=&#8221;load-more&#8221; items_per_page=&#8221;12&#8243; css=&#8221;&#8221; btn_title=&#8221;Plus d&#8217;images&#8221; btn_color=&#8221;default&#8221; grid_id=&#8221;vc_gid:1745677940082-719d2b2c-3d47-4&#8243; include=&#8221;1221,1222,1223,1224,1225,1226,1227,1228,1229,1230,1231,1232,1233,1234,1235,1236,1237,1238,1239,1240,1241,1242,1243,1244,1245,1246&#8243;][\/vc_tta_section][vc_tta_section title=&#8221;2012-2017&#8243; tab_id=&#8221;1736881528587-9dce4db7-e909&#8243;][vc_media_grid style=&#8221;load-more&#8221; items_per_page=&#8221;12&#8243; css=&#8221;&#8221; btn_title=&#8221;Plus d&#8217;images&#8221; btn_color=&#8221;default&#8221; grid_id=&#8221;vc_gid:1745677940089-d302ce2f-8b3d-5&#8243; include=&#8221;1248,1249,1250,1251,1252,1253,1254,1255,1256,1257,1563&#8243;][\/vc_tta_section][vc_tta_section title=&#8221;2018-2020&#8243; tab_id=&#8221;1736881548255-9dd4d579-7ad9&#8243;][vc_media_grid style=&#8221;load-more&#8221; items_per_page=&#8221;12&#8243; css=&#8221;&#8221; btn_title=&#8221;Plus d&#8217;images&#8221; btn_color=&#8221;default&#8221; grid_id=&#8221;vc_gid:1745677940092-b01657cb-5468-2&#8243; include=&#8221;1259,1260,1261,1262,1263,1264,1265,1266,1267,1268,1269,1270,1271,1272,1273,1605&#8243;][\/vc_tta_section][vc_tta_section title=&#8221;2021-2025&#8243; tab_id=&#8221;1736881569565-327b0a9e-4b64&#8243;][vc_media_grid style=&#8221;load-more&#8221; items_per_page=&#8221;12&#8243; css=&#8221;&#8221; btn_title=&#8221;Plus d&#8217;images&#8221; btn_color=&#8221;default&#8221; grid_id=&#8221;vc_gid:1745677940093-308e4ace-aae0-0&#8243; include=&#8221;1276,1277,1278,1279,1280,1573,1572,1571,1570,1569,1567,1566,1596,1595,1594,1606,1607,1608,1609,1610,1611,1612,1613,1614&#8243;][\/vc_tta_section][\/vc_tta_tabs][\/vc_column][\/vc_row]<\/p>\n<p><\/p>\n<\/div>","protected":false},"excerpt":{"rendered":"<p>[vc_row][vc_column][vc_custom_heading text=&#8221;PAINTINGS&#8221; font_container=&#8221;tag:h3|text_align:left&#8221; use_theme_fonts=&#8221;yes&#8221;][vc_tta_tabs shape=&#8221;square&#8221; color=&#8221;white&#8221; spacing=&#8221;20&#8243; gap=&#8221;20&#8243; alignment=&#8221;center&#8221; active_section=&#8221;1&#8243; no_fill_content_area=&#8221;true&#8221; css=&#8221;.vc_custom_1540915951324{background-color: #ffffff !important;}&#8221;][vc_tta_section title=&#8221;1990-1998&#8243; tab_id=&#8221;1540412637353-0a840042-ba65&#8243;][vc_media_grid style=&#8221;load-more&#8221; items_per_page=&#8221;12&#8243; css=&#8221;&#8221; btn_title=&#8221;Plus d&#8217;images&#8221; btn_color=&#8221;default&#8221; grid_id=&#8221;vc_gid:1745677940067-e1f93814-f01e-0&#8243; include=&#8221;1120,1121,1122,1123,1124,1125,1126,1127,1128,1129,1130,1131,1132,1133,1134,1135,1136,1137,1138,1139,1140,1141,1142,1143,1144,1145,1146,1147&#8243;][\/vc_tta_section][vc_tta_section title=&#8221;1998-2002&#8243; tab_id=&#8221;1540412637362-7c883368-9f41&#8243;][vc_media_grid style=&#8221;load-more&#8221; items_per_page=&#8221;12&#8243; css=&#8221;&#8221; btn_title=&#8221;Plus d&#8217;images&#8221; btn_color=&#8221;default&#8221; grid_id=&#8221;vc_gid:1745677940068-920f4c34-ecfd-1&#8243; include=&#8221;1149,1150,1151,1152,1153,1154,1155,1156,1157,1158,1159,1160,1161,1162,1163,1164,1165,1166,1167,1168&#8243;][\/vc_tta_section][vc_tta_section title=&#8221;2003-2008&#8243; tab_id=&#8221;1540918013469-14b8be54-0408&#8243;][vc_media_grid style=&#8221;load-more&#8221; items_per_page=&#8221;12&#8243; css=&#8221;&#8221; btn_title=&#8221;Plus d&#8217;images&#8221; btn_color=&#8221;default&#8221; grid_id=&#8221;vc_gid:1745677940072-325a32f4-96db-10&#8243; include=&#8221;1170,1171,1172,1173,1174,1175,1176,1177,1178,1179,1180,1181,1182,1183,1184,1185,1186,1187,1188,1189,1190,1191,1192,1193,1194,1195,1196,1197,1198,1199,1200,1201,1202,1203,1204,1205,1206,1207,1208,1209,1210,1211,1212,1213,1214,1215,1216,1217,1218,1219&#8243;][\/vc_tta_section][vc_tta_section title=&#8221;2009 &#8211; 2011&#8243; tab_id=&#8221;1736881504143-7e3db370-a7ba&#8221;][vc_media_grid style=&#8221;load-more&#8221; items_per_page=&#8221;12&#8243; css=&#8221;&#8221; btn_title=&#8221;Plus d&#8217;images&#8221; btn_color=&#8221;default&#8221; grid_id=&#8221;vc_gid:1745677940082-719d2b2c-3d47-4&#8243;&hellip;<\/p>\n","protected":false},"author":1,"featured_media":0,"parent":47,"menu_order":0,"comment_status":"closed","ping_status":"closed","template":"","meta":{"_exactmetrics_skip_tracking":false,"_exactmetrics_sitenote_active":false,"_exactmetrics_sitenote_note":"","_exactmetrics_sitenote_category":0,"footnotes":""},"class_list":["post-57","page","type-page","status-publish","hentry","description-off"],"yoast_head":"<!-- This site is optimized with the Yoast SEO plugin v25.6 - https:\/\/yoast.com\/wordpress\/plugins\/seo\/ -->\n<title>LES PEINTURES DE PHILIPPE PASQUA, de 1990 \u00e0 2018<\/title>\n<meta name=\"description\" content=\"D\u00e9couvrez l&#039;ensemble des peintures du peintre Philippe Pasqua. De 1990 \u00e0 2018, d\u00e9couvrez la totalit\u00e9 des peintures de Philippe Pasqua !\" \/>\n<meta name=\"robots\" content=\"index, follow, max-snippet:-1, max-image-preview:large, max-video-preview:-1\" \/>\n<link rel=\"canonical\" href=\"https:\/\/www.pasquaphilippe.com\/en\/les-oeuvres\/peintures-2-3\/\" \/>\n<meta property=\"og:locale\" content=\"en_US\" \/>\n<meta property=\"og:type\" content=\"article\" \/>\n<meta property=\"og:title\" content=\"LES PEINTURES DE PHILIPPE PASQUA, de 1990 \u00e0 2018\" \/>\n<meta property=\"og:description\" content=\"D\u00e9couvrez l&#039;ensemble des peintures du peintre Philippe Pasqua. De 1990 \u00e0 2018, d\u00e9couvrez la totalit\u00e9 des peintures de Philippe Pasqua !\" \/>\n<meta property=\"og:url\" content=\"https:\/\/www.pasquaphilippe.com\/en\/les-oeuvres\/peintures-2-3\/\" \/>\n<meta property=\"og:site_name\" content=\"pasqua\" \/>\n<meta property=\"article:modified_time\" content=\"2025-04-26T14:35:13+00:00\" \/>\n<meta name=\"twitter:card\" content=\"summary_large_image\" \/>\n<meta name=\"twitter:label1\" content=\"Est. reading time\" \/>\n\t<meta name=\"twitter:data1\" content=\"1 minute\" \/>\n<script type=\"application\/ld+json\" class=\"yoast-schema-graph\">{\"@context\":\"https:\/\/schema.org\",\"@graph\":[{\"@type\":\"WebPage\",\"@id\":\"https:\/\/www.pasquaphilippe.com\/en\/les-oeuvres\/peintures-2-3\/\",\"url\":\"https:\/\/www.pasquaphilippe.com\/en\/les-oeuvres\/peintures-2-3\/\",\"name\":\"LES PEINTURES DE PHILIPPE PASQUA, de 1990 \u00e0 2018\",\"isPartOf\":{\"@id\":\"https:\/\/www.pasquaphilippe.com\/en\/#website\"},\"datePublished\":\"2018-10-24T20:36:46+00:00\",\"dateModified\":\"2025-04-26T14:35:13+00:00\",\"description\":\"D\u00e9couvrez l'ensemble des peintures du peintre Philippe Pasqua. De 1990 \u00e0 2018, d\u00e9couvrez la totalit\u00e9 des peintures de Philippe Pasqua !\",\"breadcrumb\":{\"@id\":\"https:\/\/www.pasquaphilippe.com\/en\/les-oeuvres\/peintures-2-3\/#breadcrumb\"},\"inLanguage\":\"en-US\",\"potentialAction\":[{\"@type\":\"ReadAction\",\"target\":[[\"https:\/\/www.pasquaphilippe.com\/en\/les-oeuvres\/peintures-2-3\/\"]]}]},{\"@type\":\"BreadcrumbList\",\"@id\":\"https:\/\/www.pasquaphilippe.com\/en\/les-oeuvres\/peintures-2-3\/#breadcrumb\",\"itemListElement\":[{\"@type\":\"ListItem\",\"position\":1,\"name\":\"Home\",\"item\":\"https:\/\/www.pasquaphilippe.com\/en\/\"},{\"@type\":\"ListItem\",\"position\":2,\"name\":\"LES OEUVRES\",\"item\":\"https:\/\/www.pasquaphilippe.com\/en\/les-oeuvres\/\"},{\"@type\":\"ListItem\",\"position\":3,\"name\":\"PEINTURES\"}]},{\"@type\":\"WebSite\",\"@id\":\"https:\/\/www.pasquaphilippe.com\/en\/#website\",\"url\":\"https:\/\/www.pasquaphilippe.com\/en\/\",\"name\":\"pasqua\",\"description\":\"\",\"potentialAction\":[{\"@type\":\"SearchAction\",\"target\":{\"@type\":\"EntryPoint\",\"urlTemplate\":\"https:\/\/www.pasquaphilippe.com\/en\/?s={search_term_string}\"},\"query-input\":{\"@type\":\"PropertyValueSpecification\",\"valueRequired\":true,\"valueName\":\"search_term_string\"}}],\"inLanguage\":\"en-US\"}]}<\/script>\n<!-- \/ Yoast SEO plugin. -->","yoast_head_json":{"title":"LES PEINTURES DE PHILIPPE PASQUA, de 1990 \u00e0 2018","description":"D\u00e9couvrez l'ensemble des peintures du peintre Philippe Pasqua. De 1990 \u00e0 2018, d\u00e9couvrez la totalit\u00e9 des peintures de Philippe Pasqua !","robots":{"index":"index","follow":"follow","max-snippet":"max-snippet:-1","max-image-preview":"max-image-preview:large","max-video-preview":"max-video-preview:-1"},"canonical":"https:\/\/www.pasquaphilippe.com\/en\/les-oeuvres\/peintures-2-3\/","og_locale":"en_US","og_type":"article","og_title":"LES PEINTURES DE PHILIPPE PASQUA, de 1990 \u00e0 2018","og_description":"D\u00e9couvrez l'ensemble des peintures du peintre Philippe Pasqua. De 1990 \u00e0 2018, d\u00e9couvrez la totalit\u00e9 des peintures de Philippe Pasqua !","og_url":"https:\/\/www.pasquaphilippe.com\/en\/les-oeuvres\/peintures-2-3\/","og_site_name":"pasqua","article_modified_time":"2025-04-26T14:35:13+00:00","twitter_card":"summary_large_image","twitter_misc":{"Est. reading time":"1 minute"},"schema":{"@context":"https:\/\/schema.org","@graph":[{"@type":"WebPage","@id":"https:\/\/www.pasquaphilippe.com\/en\/les-oeuvres\/peintures-2-3\/","url":"https:\/\/www.pasquaphilippe.com\/en\/les-oeuvres\/peintures-2-3\/","name":"LES PEINTURES DE PHILIPPE PASQUA, de 1990 \u00e0 2018","isPartOf":{"@id":"https:\/\/www.pasquaphilippe.com\/en\/#website"},"datePublished":"2018-10-24T20:36:46+00:00","dateModified":"2025-04-26T14:35:13+00:00","description":"D\u00e9couvrez l'ensemble des peintures du peintre Philippe Pasqua. De 1990 \u00e0 2018, d\u00e9couvrez la totalit\u00e9 des peintures de Philippe Pasqua !","breadcrumb":{"@id":"https:\/\/www.pasquaphilippe.com\/en\/les-oeuvres\/peintures-2-3\/#breadcrumb"},"inLanguage":"en-US","potentialAction":[{"@type":"ReadAction","target":[["https:\/\/www.pasquaphilippe.com\/en\/les-oeuvres\/peintures-2-3\/"]]}]},{"@type":"BreadcrumbList","@id":"https:\/\/www.pasquaphilippe.com\/en\/les-oeuvres\/peintures-2-3\/#breadcrumb","itemListElement":[{"@type":"ListItem","position":1,"name":"Home","item":"https:\/\/www.pasquaphilippe.com\/en\/"},{"@type":"ListItem","position":2,"name":"LES OEUVRES","item":"https:\/\/www.pasquaphilippe.com\/en\/les-oeuvres\/"},{"@type":"ListItem","position":3,"name":"PEINTURES"}]},{"@type":"WebSite","@id":"https:\/\/www.pasquaphilippe.com\/en\/#website","url":"https:\/\/www.pasquaphilippe.com\/en\/","name":"pasqua","description":"","potentialAction":[{"@type":"SearchAction","target":{"@type":"EntryPoint","urlTemplate":"https:\/\/www.pasquaphilippe.com\/en\/?s={search_term_string}"},"query-input":{"@type":"PropertyValueSpecification","valueRequired":true,"valueName":"search_term_string"}}],"inLanguage":"en-US"}]}},"_links":{"self":[{"href":"https:\/\/www.pasquaphilippe.com\/en\/wp-json\/wp\/v2\/pages\/57"}],"collection":[{"href":"https:\/\/www.pasquaphilippe.com\/en\/wp-json\/wp\/v2\/pages"}],"about":[{"href":"https:\/\/www.pasquaphilippe.com\/en\/wp-json\/wp\/v2\/types\/page"}],"author":[{"embeddable":true,"href":"https:\/\/www.pasquaphilippe.com\/en\/wp-json\/wp\/v2\/users\/1"}],"replies":[{"embeddable":true,"href":"https:\/\/www.pasquaphilippe.com\/en\/wp-json\/wp\/v2\/comments?post=57"}],"version-history":[{"count":16,"href":"https:\/\/www.pasquaphilippe.com\/en\/wp-json\/wp\/v2\/pages\/57\/revisions"}],"predecessor-version":[{"id":1615,"href":"https:\/\/www.pasquaphilippe.com\/en\/wp-json\/wp\/v2\/pages\/57\/revisions\/1615"}],"up":[{"embeddable":true,"href":"https:\/\/www.pasquaphilippe.com\/en\/wp-json\/wp\/v2\/pages\/47"}],"wp:attachment":[{"href":"https:\/\/www.pasquaphilippe.com\/en\/wp-json\/wp\/v2\/media?parent=57"}],"curies":[{"name":"wp","href":"https:\/\/api.w.org\/{rel}","templated":true}]}}