{"id":75,"date":"2018-10-24T20:49:01","date_gmt":"2018-10-24T20:49:01","guid":{"rendered":"http:\/\/www.pasquaphilippe.com\/?page_id=75"},"modified":"2024-12-05T01:17:48","modified_gmt":"2024-12-05T01:17:48","slug":"sculptures","status":"publish","type":"page","link":"https:\/\/www.pasquaphilippe.com\/en\/les-oeuvres\/sculptures\/","title":{"rendered":"SCULPTURES"},"content":{"rendered":"<div class=\"wpb-content-wrapper\"><p>[vc_row][vc_column][vc_custom_heading text=&#8221;SCULPTURES&#8221; font_container=&#8221;tag:h3|text_align:left&#8221; use_theme_fonts=&#8221;yes&#8221;][vc_masonry_media_grid item=&#8221;masonryMedia_SlideWithTitleAndCaption&#8221; grid_id=&#8221;vc_gid:1542900435230-6ec7e1ce-3344-3&#8243; include=&#8221;177,181,175,619,178,179&#8243;][\/vc_column][\/vc_row]<\/p>\n<\/div>","protected":false},"excerpt":{"rendered":"<p>[vc_row][vc_column][vc_custom_heading text=&#8221;SCULPTURES&#8221; font_container=&#8221;tag:h3|text_align:left&#8221; use_theme_fonts=&#8221;yes&#8221;][vc_masonry_media_grid item=&#8221;masonryMedia_SlideWithTitleAndCaption&#8221; grid_id=&#8221;vc_gid:1542900435230-6ec7e1ce-3344-3&#8243; include=&#8221;177,181,175,619,178,179&#8243;][\/vc_column][\/vc_row]<\/p>\n","protected":false},"author":1,"featured_media":0,"parent":47,"menu_order":0,"comment_status":"closed","ping_status":"closed","template":"","meta":{"_exactmetrics_skip_tracking":false,"_exactmetrics_sitenote_active":false,"_exactmetrics_sitenote_note":"","_exactmetrics_sitenote_category":0,"footnotes":""},"class_list":["post-75","page","type-page","status-publish","hentry","description-off"],"yoast_head":"<!-- This site is optimized with the Yoast SEO plugin v25.6 - https:\/\/yoast.com\/wordpress\/plugins\/seo\/ -->\n<title>LES SCULPTURES de Philippe Pasqua, aussi belle qu&#039;impr\u00e9ssionnante<\/title>\n<meta name=\"description\" content=\"D\u00e9couvrez l&#039;ensemble des sculptures du peintre Philippe Pasqua. De 1990 \u00e0 2018, d\u00e9couvrez la totalit\u00e9 des sculptures de Philippe Pasqua !\" \/>\n<meta name=\"robots\" content=\"index, follow, max-snippet:-1, max-image-preview:large, max-video-preview:-1\" \/>\n<link rel=\"canonical\" href=\"https:\/\/www.pasquaphilippe.com\/en\/les-oeuvres\/sculptures\/\" \/>\n<meta property=\"og:locale\" content=\"en_US\" \/>\n<meta property=\"og:type\" content=\"article\" \/>\n<meta property=\"og:title\" content=\"LES SCULPTURES de Philippe Pasqua, aussi belle qu&#039;impr\u00e9ssionnante\" \/>\n<meta property=\"og:description\" content=\"D\u00e9couvrez l&#039;ensemble des sculptures du peintre Philippe Pasqua. De 1990 \u00e0 2018, d\u00e9couvrez la totalit\u00e9 des sculptures de Philippe Pasqua !\" \/>\n<meta property=\"og:url\" content=\"https:\/\/www.pasquaphilippe.com\/en\/les-oeuvres\/sculptures\/\" \/>\n<meta property=\"og:site_name\" content=\"pasqua\" \/>\n<meta property=\"article:modified_time\" content=\"2024-12-05T01:17:48+00:00\" \/>\n<meta name=\"twitter:card\" content=\"summary_large_image\" \/>\n<meta name=\"twitter:label1\" content=\"Est. reading time\" \/>\n\t<meta name=\"twitter:data1\" content=\"12 minutes\" \/>\n<script type=\"application\/ld+json\" class=\"yoast-schema-graph\">{\"@context\":\"https:\/\/schema.org\",\"@graph\":[{\"@type\":\"WebPage\",\"@id\":\"https:\/\/www.pasquaphilippe.com\/en\/les-oeuvres\/sculptures\/\",\"url\":\"https:\/\/www.pasquaphilippe.com\/en\/les-oeuvres\/sculptures\/\",\"name\":\"LES SCULPTURES de Philippe Pasqua, aussi belle qu'impr\u00e9ssionnante\",\"isPartOf\":{\"@id\":\"https:\/\/www.pasquaphilippe.com\/en\/#website\"},\"datePublished\":\"2018-10-24T20:49:01+00:00\",\"dateModified\":\"2024-12-05T01:17:48+00:00\",\"description\":\"D\u00e9couvrez l'ensemble des sculptures du peintre Philippe Pasqua. De 1990 \u00e0 2018, d\u00e9couvrez la totalit\u00e9 des sculptures de Philippe Pasqua !\",\"breadcrumb\":{\"@id\":\"https:\/\/www.pasquaphilippe.com\/en\/les-oeuvres\/sculptures\/#breadcrumb\"},\"inLanguage\":\"en-US\",\"potentialAction\":[{\"@type\":\"ReadAction\",\"target\":[[\"https:\/\/www.pasquaphilippe.com\/en\/les-oeuvres\/sculptures\/\"]]}]},{\"@type\":\"BreadcrumbList\",\"@id\":\"https:\/\/www.pasquaphilippe.com\/en\/les-oeuvres\/sculptures\/#breadcrumb\",\"itemListElement\":[{\"@type\":\"ListItem\",\"position\":1,\"name\":\"Home\",\"item\":\"https:\/\/www.pasquaphilippe.com\/en\/\"},{\"@type\":\"ListItem\",\"position\":2,\"name\":\"LES OEUVRES\",\"item\":\"https:\/\/www.pasquaphilippe.com\/en\/les-oeuvres\/\"},{\"@type\":\"ListItem\",\"position\":3,\"name\":\"SCULPTURES\"}]},{\"@type\":\"WebSite\",\"@id\":\"https:\/\/www.pasquaphilippe.com\/en\/#website\",\"url\":\"https:\/\/www.pasquaphilippe.com\/en\/\",\"name\":\"pasqua\",\"description\":\"\",\"potentialAction\":[{\"@type\":\"SearchAction\",\"target\":{\"@type\":\"EntryPoint\",\"urlTemplate\":\"https:\/\/www.pasquaphilippe.com\/en\/?s={search_term_string}\"},\"query-input\":{\"@type\":\"PropertyValueSpecification\",\"valueRequired\":true,\"valueName\":\"search_term_string\"}}],\"inLanguage\":\"en-US\"}]}<\/script>\n<!-- \/ Yoast SEO plugin. -->","yoast_head_json":{"title":"LES SCULPTURES de Philippe Pasqua, aussi belle qu'impr\u00e9ssionnante","description":"D\u00e9couvrez l'ensemble des sculptures du peintre Philippe Pasqua. De 1990 \u00e0 2018, d\u00e9couvrez la totalit\u00e9 des sculptures de Philippe Pasqua !","robots":{"index":"index","follow":"follow","max-snippet":"max-snippet:-1","max-image-preview":"max-image-preview:large","max-video-preview":"max-video-preview:-1"},"canonical":"https:\/\/www.pasquaphilippe.com\/en\/les-oeuvres\/sculptures\/","og_locale":"en_US","og_type":"article","og_title":"LES SCULPTURES de Philippe Pasqua, aussi belle qu'impr\u00e9ssionnante","og_description":"D\u00e9couvrez l'ensemble des sculptures du peintre Philippe Pasqua. De 1990 \u00e0 2018, d\u00e9couvrez la totalit\u00e9 des sculptures de Philippe Pasqua !","og_url":"https:\/\/www.pasquaphilippe.com\/en\/les-oeuvres\/sculptures\/","og_site_name":"pasqua","article_modified_time":"2024-12-05T01:17:48+00:00","twitter_card":"summary_large_image","twitter_misc":{"Est. reading time":"12 minutes"},"schema":{"@context":"https:\/\/schema.org","@graph":[{"@type":"WebPage","@id":"https:\/\/www.pasquaphilippe.com\/en\/les-oeuvres\/sculptures\/","url":"https:\/\/www.pasquaphilippe.com\/en\/les-oeuvres\/sculptures\/","name":"LES SCULPTURES de Philippe Pasqua, aussi belle qu'impr\u00e9ssionnante","isPartOf":{"@id":"https:\/\/www.pasquaphilippe.com\/en\/#website"},"datePublished":"2018-10-24T20:49:01+00:00","dateModified":"2024-12-05T01:17:48+00:00","description":"D\u00e9couvrez l'ensemble des sculptures du peintre Philippe Pasqua. De 1990 \u00e0 2018, d\u00e9couvrez la totalit\u00e9 des sculptures de Philippe Pasqua !","breadcrumb":{"@id":"https:\/\/www.pasquaphilippe.com\/en\/les-oeuvres\/sculptures\/#breadcrumb"},"inLanguage":"en-US","potentialAction":[{"@type":"ReadAction","target":[["https:\/\/www.pasquaphilippe.com\/en\/les-oeuvres\/sculptures\/"]]}]},{"@type":"BreadcrumbList","@id":"https:\/\/www.pasquaphilippe.com\/en\/les-oeuvres\/sculptures\/#breadcrumb","itemListElement":[{"@type":"ListItem","position":1,"name":"Home","item":"https:\/\/www.pasquaphilippe.com\/en\/"},{"@type":"ListItem","position":2,"name":"LES OEUVRES","item":"https:\/\/www.pasquaphilippe.com\/en\/les-oeuvres\/"},{"@type":"ListItem","position":3,"name":"SCULPTURES"}]},{"@type":"WebSite","@id":"https:\/\/www.pasquaphilippe.com\/en\/#website","url":"https:\/\/www.pasquaphilippe.com\/en\/","name":"pasqua","description":"","potentialAction":[{"@type":"SearchAction","target":{"@type":"EntryPoint","urlTemplate":"https:\/\/www.pasquaphilippe.com\/en\/?s={search_term_string}"},"query-input":{"@type":"PropertyValueSpecification","valueRequired":true,"valueName":"search_term_string"}}],"inLanguage":"en-US"}]}},"_links":{"self":[{"href":"https:\/\/www.pasquaphilippe.com\/en\/wp-json\/wp\/v2\/pages\/75"}],"collection":[{"href":"https:\/\/www.pasquaphilippe.com\/en\/wp-json\/wp\/v2\/pages"}],"about":[{"href":"https:\/\/www.pasquaphilippe.com\/en\/wp-json\/wp\/v2\/types\/page"}],"author":[{"embeddable":true,"href":"https:\/\/www.pasquaphilippe.com\/en\/wp-json\/wp\/v2\/users\/1"}],"replies":[{"embeddable":true,"href":"https:\/\/www.pasquaphilippe.com\/en\/wp-json\/wp\/v2\/comments?post=75"}],"version-history":[{"count":23,"href":"https:\/\/www.pasquaphilippe.com\/en\/wp-json\/wp\/v2\/pages\/75\/revisions"}],"predecessor-version":[{"id":1115,"href":"https:\/\/www.pasquaphilippe.com\/en\/wp-json\/wp\/v2\/pages\/75\/revisions\/1115"}],"up":[{"embeddable":true,"href":"https:\/\/www.pasquaphilippe.com\/en\/wp-json\/wp\/v2\/pages\/47"}],"wp:attachment":[{"href":"https:\/\/www.pasquaphilippe.com\/en\/wp-json\/wp\/v2\/media?parent=75"}],"curies":[{"name":"wp","href":"https:\/\/api.w.org\/{rel}","templated":true}]}}